{"id":975,"date":"2020-07-02T12:00:11","date_gmt":"2020-07-02T10:00:11","guid":{"rendered":"https:\/\/www.st-anna.eu\/?page_id=975"},"modified":"2024-12-03T17:42:58","modified_gmt":"2024-12-03T16:42:58","slug":"impressum","status":"publish","type":"page","link":"https:\/\/www.st-anna.eu\/de\/impressum\/","title":{"rendered":"Impressum"},"content":{"rendered":"<p><div class=\"fusion-fullwidth fullwidth-box fusion-builder-row-1 fusion-flex-container hundred-percent-fullwidth non-hundred-percent-height-scrolling fusion-no-small-visibility sub-site-container gradient-container-1\" style=\"--awb-background-position:center top;--awb-border-radius-top-left:0px;--awb-border-radius-top-right:0px;--awb-border-radius-bottom-right:0px;--awb-border-radius-bottom-left:0px;--awb-padding-top:0px;--awb-padding-right:0px;--awb-padding-bottom:0px;--awb-padding-left:0px;--awb-flex-wrap:wrap;\" ><div class=\"fusion-builder-row fusion-row fusion-flex-align-items-flex-start fusion-flex-content-wrap\" style=\"width:calc( 100% + 0px ) !important;max-width:calc( 100% + 0px ) !important;margin-left: calc(-0px \/ 2 );margin-right: calc(-0px \/ 2 );\"><div class=\"fusion-layout-column fusion_builder_column fusion-builder-column-0 fusion_builder_column_1_1 1_1 fusion-flex-column sub-sites-content-column\" style=\"--awb-padding-top:90px;--awb-padding-bottom:40px;--awb-padding-left:80px;--awb-bg-color:rgba(255,255,255,0.9);--awb-bg-color-hover:rgba(255,255,255,0.9);--awb-bg-size:cover;--awb-width-large:100%;--awb-margin-top-large:0px;--awb-spacing-right-large:0px;--awb-margin-bottom-large:0px;--awb-spacing-left-large:0px;--awb-width-medium:100%;--awb-order-medium:0;--awb-spacing-right-medium:0px;--awb-spacing-left-medium:0px;--awb-width-small:100%;--awb-order-small:0;--awb-spacing-right-small:0px;--awb-spacing-left-small:0px;\"><div class=\"fusion-column-wrapper fusion-column-has-shadow fusion-flex-justify-content-center fusion-content-layout-column\"><div class=\"fusion-builder-row fusion-builder-row-inner fusion-row fusion-flex-align-items-flex-start fusion-flex-content-wrap\" style=\"--awb-flex-grow:0;--awb-flex-grow-medium:0;--awb-flex-grow-small:0;--awb-flex-shrink:0;--awb-flex-shrink-medium:0;--awb-flex-shrink-small:0;width:calc( 100% + 0px ) !important;max-width:calc( 100% + 0px ) !important;margin-left: calc(-0px \/ 2 );margin-right: calc(-0px \/ 2 );\"><div class=\"fusion-layout-column fusion_builder_column_inner fusion-builder-nested-column-0 fusion_builder_column_inner_1_1 1_1 fusion-flex-column\" style=\"--awb-bg-size:cover;--awb-width-large:100%;--awb-margin-top-large:0px;--awb-spacing-right-large:0px;--awb-margin-bottom-large:20px;--awb-spacing-left-large:0px;--awb-width-medium:100%;--awb-spacing-right-medium:0px;--awb-spacing-left-medium:0px;--awb-width-small:100%;--awb-spacing-right-small:0px;--awb-spacing-left-small:0px;\"><div class=\"fusion-column-wrapper fusion-column-has-shadow fusion-flex-justify-content-flex-start fusion-content-layout-column\"><div class=\"fusion-title title fusion-title-1 fusion-sep-none fusion-title-text fusion-title-size-one\" style=\"--awb-margin-top-small:10px;--awb-margin-bottom-small:10px;\"><h1 class=\"fusion-title-heading title-heading-left\" style=\"margin:0;\"><h1>Impressum<\/h1><\/h1><\/div><\/div><\/div><div class=\"fusion-layout-column fusion_builder_column_inner fusion-builder-nested-column-1 fusion_builder_column_inner_1_1 1_1 fusion-flex-column\" style=\"--awb-padding-right:30px;--awb-padding-left:20px;--awb-bg-size:cover;--awb-width-large:100%;--awb-margin-top-large:0px;--awb-spacing-right-large:0px;--awb-margin-bottom-large:20px;--awb-spacing-left-large:0px;--awb-width-medium:100%;--awb-spacing-right-medium:0px;--awb-spacing-left-medium:0px;--awb-width-small:100%;--awb-spacing-right-small:0px;--awb-spacing-left-small:0px;\"><div class=\"fusion-column-wrapper fusion-column-has-shadow fusion-flex-justify-content-flex-start fusion-content-layout-column\"><div class=\"fusion-text fusion-text-1\"><p>St. Anna Colleg gemeinn\u00fctzige GmbH<\/p>\n<p>Zeller Weg 27<br \/>\n82057 Icking<br \/>\nTelefon <a href=\"callto:0049817890940\">+49 8178 9094-0<\/a><br \/>\nTelefax +49 8178 9094-22<br \/>\nE-Mail <a href=\"mailto:info@st-anna.eu\">info@st-anna.eu<\/a><\/p>\n<p>Gesch\u00e4ftsf\u00fchrer: Barbara Coenen, Christoph Terhorst<br \/>\nRegistergericht: Amtsgericht M\u00fcnchen, 80315 M\u00fcnchen<br \/>\nRegisternummer: Handelsregister M\u00fcnchen, HR 144404<br \/>\nUSt\u2013IdNr.: DE287112748<\/p>\n<h2>Haftungshinweis:<\/h2>\n<p>Die Inhalte unserer Seiten wurden mit gr\u00f6\u00dfter Sorgfalt erstellt. Wir sind bem\u00fcht, s\u00e4mtliche Inhalte auf unseren Seiten stets auf dem aktuellen Stand zu halten, k\u00f6nnen Irrt\u00fcmer jedoch nicht g\u00e4nzlich ausschlie\u00dfen.<\/p>\n<h2>Haftung f\u00fcr Links:<\/h2>\n<p>Unser Angebot enth\u00e4lt Links zu externen Webseiten Dritter. F\u00fcr die Inhalte der verlinkten Seiten ist stets der jeweilige Anbieter oder Betreiber der Seiten verantwortlich.<\/p>\n<h2>Urheberrecht:<\/h2>\n<p>Der Inhalt dieser Webseite ist urheberrechtlich gesch\u00fctzt. Downloads und Kopien dieser Seite sind nur f\u00fcr den privaten, nicht kommerziellen Gebrauch gestattet.<\/p>\n<h2>Verbraucherschlichtung:<\/h2>\n<p>Die St. Anna Colleg gemeinn\u00fctzige GmbH nimmt nicht an einem Streitbeilegungsverfahren vor einer Verbraucherschlichtungsstelle teil.<\/p>\n<\/div><\/div><\/div><\/div><\/div><\/div><\/div><\/div><div class=\"fusion-fullwidth fullwidth-box fusion-builder-row-2 fusion-flex-container hundred-percent-fullwidth hundred-percent-height non-hundred-percent-height-scrolling fusion-no-medium-visibility fusion-no-large-visibility gradient-container-2\" style=\"--awb-border-radius-top-left:0px;--awb-border-radius-top-right:0px;--awb-border-radius-bottom-right:0px;--awb-border-radius-bottom-left:0px;--awb-padding-top:0px;--awb-padding-right:0px;--awb-padding-left:0px;--awb-margin-top:0px;--awb-margin-bottom:0px;--awb-background-color:#ffffff;--awb-flex-wrap:wrap;\" ><div class=\"fusion-builder-row fusion-row fusion-flex-align-items-flex-start fusion-flex-content-wrap\" style=\"width:104% !important;max-width:104% !important;margin-left: calc(-4% \/ 2 );margin-right: calc(-4% \/ 2 );\"><div class=\"fusion-layout-column fusion_builder_column fusion-builder-column-1 fusion_builder_column_1_1 1_1 fusion-flex-column fusion-no-medium-visibility fusion-no-large-visibility mobile-fixed-top-image-column\" style=\"--awb-padding-top:40px;--awb-bg-color:rgba(255,255,255,0.84);--awb-bg-color-hover:rgba(255,255,255,0.84);--awb-bg-size:cover;--awb-width-large:100%;--awb-margin-top-large:0px;--awb-spacing-right-large:1.92%;--awb-margin-bottom-large:0px;--awb-spacing-left-large:1.92%;--awb-width-medium:100%;--awb-spacing-right-medium:1.92%;--awb-spacing-left-medium:1.92%;--awb-width-small:100%;--awb-spacing-right-small:1.92%;--awb-spacing-left-small:1.92%;\"><div class=\"fusion-column-wrapper fusion-column-has-shadow fusion-flex-justify-content-center fusion-content-layout-column\"><div class=\"fusion-image-element \" style=\"text-align:center;--awb-caption-title-font-family:var(--h2_typography-font-family);--awb-caption-title-font-weight:var(--h2_typography-font-weight);--awb-caption-title-font-style:var(--h2_typography-font-style);--awb-caption-title-size:var(--h2_typography-font-size);--awb-caption-title-transform:var(--h2_typography-text-transform);--awb-caption-title-line-height:var(--h2_typography-line-height);--awb-caption-title-letter-spacing:var(--h2_typography-letter-spacing);\"><span class=\" fusion-imageframe imageframe-none imageframe-1 hover-type-none\"><img decoding=\"async\" width=\"1024\" height=\"768\" title=\"bg_ueu_1024-1\" src=\"https:\/\/www.st-anna.eu\/wp-content\/uploads\/2020\/07\/bg_ueu_1024-1.jpg\" data-orig-src=\"https:\/\/www.st-anna.eu\/wp-content\/uploads\/2020\/07\/bg_ueu_1024-1.jpg\" alt class=\"lazyload img-responsive wp-image-965\" srcset=\"data:image\/svg+xml,%3Csvg%20xmlns%3D%27http%3A%2F%2Fwww.w3.org%2F2000%2Fsvg%27%20width%3D%271024%27%20height%3D%27768%27%20viewBox%3D%270%200%201024%20768%27%3E%3Crect%20width%3D%271024%27%20height%3D%27768%27%20fill-opacity%3D%220%22%2F%3E%3C%2Fsvg%3E\" data-srcset=\"https:\/\/www.st-anna.eu\/wp-content\/uploads\/2020\/07\/bg_ueu_1024-1-200x150.jpg 200w, https:\/\/www.st-anna.eu\/wp-content\/uploads\/2020\/07\/bg_ueu_1024-1-400x300.jpg 400w, https:\/\/www.st-anna.eu\/wp-content\/uploads\/2020\/07\/bg_ueu_1024-1-600x450.jpg 600w, https:\/\/www.st-anna.eu\/wp-content\/uploads\/2020\/07\/bg_ueu_1024-1-800x600.jpg 800w, https:\/\/www.st-anna.eu\/wp-content\/uploads\/2020\/07\/bg_ueu_1024-1.jpg 1024w\" data-sizes=\"auto\" data-orig-sizes=\"(max-width: 1200px) 100vw, (max-width: 835px) 100vw, 1024px\" \/><\/span><\/div><\/div><\/div><div class=\"fusion-layout-column fusion_builder_column fusion-builder-column-2 fusion_builder_column_1_1 1_1 fusion-flex-column mobile-text-under-top-image\" style=\"--awb-padding-right:15px;--awb-padding-bottom:60px;--awb-padding-left:15px;--awb-bg-size:cover;--awb-width-large:100%;--awb-margin-top-large:0px;--awb-spacing-right-large:1.92%;--awb-margin-bottom-large:0px;--awb-spacing-left-large:1.92%;--awb-width-medium:100%;--awb-spacing-right-medium:1.92%;--awb-spacing-left-medium:1.92%;--awb-width-small:100%;--awb-spacing-right-small:1.92%;--awb-spacing-left-small:1.92%;\"><div class=\"fusion-column-wrapper fusion-column-has-shadow fusion-flex-justify-content-flex-start fusion-content-layout-column\"><div class=\"fusion-text fusion-text-2\"><h1 style=\"text-align: left; font-size: 18px;\">Impressum<\/h1>\n<\/div><div class=\"fusion-text fusion-text-3\"><p><span style=\"font-size: 11pt;\">St. Anna Colleg gemeinn\u00fctzige GmbH<\/span><\/p>\n<p><span style=\"font-size: 11pt;\">Zeller Weg 27<\/span><br \/>\n<span style=\"font-size: 11pt;\">82057 Icking<\/span><br \/>\n<span style=\"font-size: 11pt;\">Telefon <a href=\"callto:0049817890940\">+49 8178 9094-0<\/a><\/span><br \/>\n<span style=\"font-size: 11pt;\">Telefax +49 8178 9094-22<\/span><br \/>\n<span style=\"font-size: 11pt;\">E-Mail <a href=\"mailto:info@st-anna.eu\">info@st-anna.eu<\/a><\/span><\/p>\n<p><span style=\"font-size: 12pt;\">Gesch\u00e4ftsf\u00fchrer: Barbara Coenen, Christoph Terhorst<\/span><br \/>\n<span style=\"font-size: 12pt;\">Registergericht: Amtsgericht M\u00fcnchen, 80315 M\u00fcnchen<\/span><br \/>\n<span style=\"font-size: 12pt;\">Registernummer: Handelsregister M\u00fcnchen, HR 144404<\/span><br \/>\n<span style=\"font-size: 12pt;\">USt\u2013IdNr.: DE287112748<\/span><\/p>\n<h2><span style=\"font-size: 14pt;\">Haftungshinweis:<\/span><\/h2>\n<p><span style=\"font-size: 11pt;\">Die Inhalte unserer Seiten wurden mit gr\u00f6\u00dfter Sorgfalt erstellt. Wir sind bem\u00fcht, s\u00e4mtliche Inhalte auf unseren Seiten stets auf dem aktuellen Stand zu halten, k\u00f6nnen Irrt\u00fcmer jedoch nicht g\u00e4nzlich ausschlie\u00dfen.<\/span><\/p>\n<h2><span style=\"font-size: 14pt;\">Haftung f\u00fcr Links:<\/span><\/h2>\n<p><span style=\"font-size: 11pt;\">Unser Angebot enth\u00e4lt Links zu externen Webseiten Dritter. F\u00fcr die Inhalte der verlinkten Seiten ist stets der jeweilige Anbieter oder Betreiber der Seiten verantwortlich.<\/span><\/p>\n<h2><span style=\"font-size: 14pt;\">Urheberrecht:<\/span><\/h2>\n<p><span style=\"font-size: 11pt;\">Der Inhalt dieser Webseite ist urheberrechtlich gesch\u00fctzt. Downloads und Kopien dieser Seite sind nur f\u00fcr den privaten, nicht kommerziellen Gebrauch gestattet.<\/span><\/p>\n<h2><span style=\"font-size: 11pt;\">Verbraucherschlichtung:<\/span><\/h2>\n<p><span style=\"font-size: 11pt;\">Die St. Anna Colleg gemeinn\u00fctzige GmbH nimmt nicht an einem Streitbeilegungsverfahren vor einer Verbraucherschlichtungsstelle teil.<\/span><\/p>\n<\/div><\/div><\/div><\/div><\/div><\/p>\n","protected":false},"excerpt":{"rendered":"","protected":false},"author":1,"featured_media":965,"parent":0,"menu_order":6,"comment_status":"closed","ping_status":"closed","template":"100-width.php","meta":{"_acf_changed":false,"inline_featured_image":false,"footnotes":""},"class_list":["post-975","page","type-page","status-publish","has-post-thumbnail","hentry"],"acf":[],"yoast_head":"<!-- This site is optimized with the Yoast SEO plugin v27.4 - https:\/\/yoast.com\/product\/yoast-seo-wordpress\/ -->\n<title>Impressum - St. Anna Colleg<\/title>\n<meta name=\"description\" content=\"St. Anna Colleg gemeinn\u00fctzige GmbH, Zeller Weg 27, 82057 Icking \u2013 private Grundschule und Gymnasium als flexible Ganztagsschulen\" \/>\n<meta name=\"robots\" content=\"index, follow, max-snippet:-1, max-image-preview:large, max-video-preview:-1\" \/>\n<link rel=\"canonical\" href=\"https:\/\/www.st-anna.eu\/de\/impressum\/\" \/>\n<meta property=\"og:locale\" content=\"de_DE\" \/>\n<meta property=\"og:type\" content=\"article\" \/>\n<meta property=\"og:title\" content=\"Impressum - St. Anna Colleg\" \/>\n<meta property=\"og:description\" content=\"St. Anna Colleg gemeinn\u00fctzige GmbH, Zeller Weg 27, 82057 Icking \u2013 private Grundschule und Gymnasium als flexible Ganztagsschulen\" \/>\n<meta property=\"og:url\" content=\"https:\/\/www.st-anna.eu\/de\/impressum\/\" \/>\n<meta property=\"og:site_name\" content=\"St. Anna Colleg\" \/>\n<meta property=\"article:modified_time\" content=\"2024-12-03T16:42:58+00:00\" \/>\n<meta property=\"og:image\" content=\"https:\/\/www.st-anna.eu\/wp-content\/uploads\/2020\/07\/bg_ueu_1024-1.jpg\" \/>\n\t<meta property=\"og:image:width\" content=\"1024\" \/>\n\t<meta property=\"og:image:height\" content=\"768\" \/>\n\t<meta property=\"og:image:type\" content=\"image\/jpeg\" \/>\n<meta name=\"twitter:card\" content=\"summary_large_image\" \/>\n<meta name=\"twitter:label1\" content=\"Gesch\u00e4tzte Lesezeit\" \/>\n\t<meta name=\"twitter:data1\" content=\"5\u00a0Minuten\" \/>\n<script type=\"application\/ld+json\" class=\"yoast-schema-graph\">{\"@context\":\"https:\\\/\\\/schema.org\",\"@graph\":[{\"@type\":\"WebPage\",\"@id\":\"https:\\\/\\\/www.st-anna.eu\\\/de\\\/impressum\\\/\",\"url\":\"https:\\\/\\\/www.st-anna.eu\\\/de\\\/impressum\\\/\",\"name\":\"Impressum - St. Anna Colleg\",\"isPartOf\":{\"@id\":\"https:\\\/\\\/www.st-anna.eu\\\/de\\\/#website\"},\"primaryImageOfPage\":{\"@id\":\"https:\\\/\\\/www.st-anna.eu\\\/de\\\/impressum\\\/#primaryimage\"},\"image\":{\"@id\":\"https:\\\/\\\/www.st-anna.eu\\\/de\\\/impressum\\\/#primaryimage\"},\"thumbnailUrl\":\"https:\\\/\\\/www.st-anna.eu\\\/wp-content\\\/uploads\\\/2020\\\/07\\\/bg_ueu_1024-1.jpg\",\"datePublished\":\"2020-07-02T10:00:11+00:00\",\"dateModified\":\"2024-12-03T16:42:58+00:00\",\"description\":\"St. Anna Colleg gemeinn\u00fctzige GmbH, Zeller Weg 27, 82057 Icking \u2013 private Grundschule und Gymnasium als flexible Ganztagsschulen\",\"breadcrumb\":{\"@id\":\"https:\\\/\\\/www.st-anna.eu\\\/de\\\/impressum\\\/#breadcrumb\"},\"inLanguage\":\"de\",\"potentialAction\":[{\"@type\":\"ReadAction\",\"target\":[\"https:\\\/\\\/www.st-anna.eu\\\/de\\\/impressum\\\/\"]}]},{\"@type\":\"ImageObject\",\"inLanguage\":\"de\",\"@id\":\"https:\\\/\\\/www.st-anna.eu\\\/de\\\/impressum\\\/#primaryimage\",\"url\":\"https:\\\/\\\/www.st-anna.eu\\\/wp-content\\\/uploads\\\/2020\\\/07\\\/bg_ueu_1024-1.jpg\",\"contentUrl\":\"https:\\\/\\\/www.st-anna.eu\\\/wp-content\\\/uploads\\\/2020\\\/07\\\/bg_ueu_1024-1.jpg\",\"width\":1024,\"height\":768},{\"@type\":\"BreadcrumbList\",\"@id\":\"https:\\\/\\\/www.st-anna.eu\\\/de\\\/impressum\\\/#breadcrumb\",\"itemListElement\":[{\"@type\":\"ListItem\",\"position\":1,\"name\":\"Startseite\",\"item\":\"https:\\\/\\\/www.st-anna.eu\\\/de\\\/\"},{\"@type\":\"ListItem\",\"position\":2,\"name\":\"Impressum\"}]},{\"@type\":\"WebSite\",\"@id\":\"https:\\\/\\\/www.st-anna.eu\\\/de\\\/#website\",\"url\":\"https:\\\/\\\/www.st-anna.eu\\\/de\\\/\",\"name\":\"St. Anna Colleg\",\"description\":\"Privatschulen im S\u00fcden von M\u00fcnchen \u2013 Grundschule und Gymnasium Eggenberg\",\"publisher\":{\"@id\":\"https:\\\/\\\/www.st-anna.eu\\\/de\\\/#organization\"},\"potentialAction\":[{\"@type\":\"SearchAction\",\"target\":{\"@type\":\"EntryPoint\",\"urlTemplate\":\"https:\\\/\\\/www.st-anna.eu\\\/de\\\/?s={search_term_string}\"},\"query-input\":{\"@type\":\"PropertyValueSpecification\",\"valueRequired\":true,\"valueName\":\"search_term_string\"}}],\"inLanguage\":\"de\"},{\"@type\":\"Organization\",\"@id\":\"https:\\\/\\\/www.st-anna.eu\\\/de\\\/#organization\",\"name\":\"St. Anna Colleg gemeinn\u00fctzige GmbH\",\"alternateName\":\"St. Anna Colleg\",\"url\":\"https:\\\/\\\/www.st-anna.eu\\\/de\\\/\",\"logo\":{\"@type\":\"ImageObject\",\"inLanguage\":\"de\",\"@id\":\"https:\\\/\\\/www.st-anna.eu\\\/de\\\/#\\\/schema\\\/logo\\\/image\\\/\",\"url\":\"https:\\\/\\\/www.st-anna.eu\\\/wp-content\\\/uploads\\\/2021\\\/09\\\/cropped-Logo.png\",\"contentUrl\":\"https:\\\/\\\/www.st-anna.eu\\\/wp-content\\\/uploads\\\/2021\\\/09\\\/cropped-Logo.png\",\"width\":512,\"height\":512,\"caption\":\"St. Anna Colleg gemeinn\u00fctzige GmbH\"},\"image\":{\"@id\":\"https:\\\/\\\/www.st-anna.eu\\\/de\\\/#\\\/schema\\\/logo\\\/image\\\/\"}}]}<\/script>\n<!-- \/ Yoast SEO plugin. -->","yoast_head_json":{"title":"Impressum - St. Anna Colleg","description":"St. Anna Colleg gemeinn\u00fctzige GmbH, Zeller Weg 27, 82057 Icking \u2013 private Grundschule und Gymnasium als flexible Ganztagsschulen","robots":{"index":"index","follow":"follow","max-snippet":"max-snippet:-1","max-image-preview":"max-image-preview:large","max-video-preview":"max-video-preview:-1"},"canonical":"https:\/\/www.st-anna.eu\/de\/impressum\/","og_locale":"de_DE","og_type":"article","og_title":"Impressum - St. Anna Colleg","og_description":"St. Anna Colleg gemeinn\u00fctzige GmbH, Zeller Weg 27, 82057 Icking \u2013 private Grundschule und Gymnasium als flexible Ganztagsschulen","og_url":"https:\/\/www.st-anna.eu\/de\/impressum\/","og_site_name":"St. Anna Colleg","article_modified_time":"2024-12-03T16:42:58+00:00","og_image":[{"width":1024,"height":768,"url":"https:\/\/www.st-anna.eu\/wp-content\/uploads\/2020\/07\/bg_ueu_1024-1.jpg","type":"image\/jpeg"}],"twitter_card":"summary_large_image","twitter_misc":{"Gesch\u00e4tzte Lesezeit":"5\u00a0Minuten"},"schema":{"@context":"https:\/\/schema.org","@graph":[{"@type":"WebPage","@id":"https:\/\/www.st-anna.eu\/de\/impressum\/","url":"https:\/\/www.st-anna.eu\/de\/impressum\/","name":"Impressum - St. Anna Colleg","isPartOf":{"@id":"https:\/\/www.st-anna.eu\/de\/#website"},"primaryImageOfPage":{"@id":"https:\/\/www.st-anna.eu\/de\/impressum\/#primaryimage"},"image":{"@id":"https:\/\/www.st-anna.eu\/de\/impressum\/#primaryimage"},"thumbnailUrl":"https:\/\/www.st-anna.eu\/wp-content\/uploads\/2020\/07\/bg_ueu_1024-1.jpg","datePublished":"2020-07-02T10:00:11+00:00","dateModified":"2024-12-03T16:42:58+00:00","description":"St. Anna Colleg gemeinn\u00fctzige GmbH, Zeller Weg 27, 82057 Icking \u2013 private Grundschule und Gymnasium als flexible Ganztagsschulen","breadcrumb":{"@id":"https:\/\/www.st-anna.eu\/de\/impressum\/#breadcrumb"},"inLanguage":"de","potentialAction":[{"@type":"ReadAction","target":["https:\/\/www.st-anna.eu\/de\/impressum\/"]}]},{"@type":"ImageObject","inLanguage":"de","@id":"https:\/\/www.st-anna.eu\/de\/impressum\/#primaryimage","url":"https:\/\/www.st-anna.eu\/wp-content\/uploads\/2020\/07\/bg_ueu_1024-1.jpg","contentUrl":"https:\/\/www.st-anna.eu\/wp-content\/uploads\/2020\/07\/bg_ueu_1024-1.jpg","width":1024,"height":768},{"@type":"BreadcrumbList","@id":"https:\/\/www.st-anna.eu\/de\/impressum\/#breadcrumb","itemListElement":[{"@type":"ListItem","position":1,"name":"Startseite","item":"https:\/\/www.st-anna.eu\/de\/"},{"@type":"ListItem","position":2,"name":"Impressum"}]},{"@type":"WebSite","@id":"https:\/\/www.st-anna.eu\/de\/#website","url":"https:\/\/www.st-anna.eu\/de\/","name":"St. Anna Colleg","description":"Privatschulen im S\u00fcden von M\u00fcnchen \u2013 Grundschule und Gymnasium Eggenberg","publisher":{"@id":"https:\/\/www.st-anna.eu\/de\/#organization"},"potentialAction":[{"@type":"SearchAction","target":{"@type":"EntryPoint","urlTemplate":"https:\/\/www.st-anna.eu\/de\/?s={search_term_string}"},"query-input":{"@type":"PropertyValueSpecification","valueRequired":true,"valueName":"search_term_string"}}],"inLanguage":"de"},{"@type":"Organization","@id":"https:\/\/www.st-anna.eu\/de\/#organization","name":"St. Anna Colleg gemeinn\u00fctzige GmbH","alternateName":"St. Anna Colleg","url":"https:\/\/www.st-anna.eu\/de\/","logo":{"@type":"ImageObject","inLanguage":"de","@id":"https:\/\/www.st-anna.eu\/de\/#\/schema\/logo\/image\/","url":"https:\/\/www.st-anna.eu\/wp-content\/uploads\/2021\/09\/cropped-Logo.png","contentUrl":"https:\/\/www.st-anna.eu\/wp-content\/uploads\/2021\/09\/cropped-Logo.png","width":512,"height":512,"caption":"St. Anna Colleg gemeinn\u00fctzige GmbH"},"image":{"@id":"https:\/\/www.st-anna.eu\/de\/#\/schema\/logo\/image\/"}}]}},"_links":{"self":[{"href":"https:\/\/www.st-anna.eu\/de\/wp-json\/wp\/v2\/pages\/975","targetHints":{"allow":["GET"]}}],"collection":[{"href":"https:\/\/www.st-anna.eu\/de\/wp-json\/wp\/v2\/pages"}],"about":[{"href":"https:\/\/www.st-anna.eu\/de\/wp-json\/wp\/v2\/types\/page"}],"author":[{"embeddable":true,"href":"https:\/\/www.st-anna.eu\/de\/wp-json\/wp\/v2\/users\/1"}],"replies":[{"embeddable":true,"href":"https:\/\/www.st-anna.eu\/de\/wp-json\/wp\/v2\/comments?post=975"}],"version-history":[{"count":7,"href":"https:\/\/www.st-anna.eu\/de\/wp-json\/wp\/v2\/pages\/975\/revisions"}],"predecessor-version":[{"id":8111,"href":"https:\/\/www.st-anna.eu\/de\/wp-json\/wp\/v2\/pages\/975\/revisions\/8111"}],"wp:featuredmedia":[{"embeddable":true,"href":"https:\/\/www.st-anna.eu\/de\/wp-json\/wp\/v2\/media\/965"}],"wp:attachment":[{"href":"https:\/\/www.st-anna.eu\/de\/wp-json\/wp\/v2\/media?parent=975"}],"curies":[{"name":"wp","href":"https:\/\/api.w.org\/{rel}","templated":true}]}}